{"id":12472,"date":"2024-04-18T16:26:38","date_gmt":"2024-04-18T14:26:38","guid":{"rendered":"https:\/\/humeau-avocat.com\/tarifas\/"},"modified":"2024-09-19T03:16:30","modified_gmt":"2024-09-19T01:16:30","slug":"tarifas","status":"publish","type":"page","link":"https:\/\/humeau-avocat.com\/es\/tarifas\/","title":{"rendered":"Tarifas"},"content":{"rendered":"\t\t<div data-elementor-type=\"wp-page\" data-elementor-id=\"12472\" class=\"elementor elementor-12472 elementor-11519\">\n\t\t\t\t        <section class=\"elementor-section elementor-top-section elementor-element elementor-element-4058635 elementor-section-boxed elementor-section-height-default elementor-section-height-default pxl-shape-divider-none\" data-id=\"4058635\" data-element_type=\"section\">\n\n                \n                <div class=\"elementor-container elementor-column-gap-default \">\n                <div class=\"elementor-column elementor-col-100 elementor-top-column elementor-element elementor-element-2f36790 pxl-column-element-default\" data-id=\"2f36790\" data-element_type=\"column\">\r\n        <div class=\"elementor-widget-wrap elementor-element-populated\">\r\n                    \t\t<div class=\"elementor-element elementor-element-7427ad5 pxl-heading-layout-1 elementor-widget elementor-widget-pxl_heading\" data-id=\"7427ad5\" data-element_type=\"widget\" data-widget_type=\"pxl_heading.default\">\n\t\t\t\t<div class=\"elementor-widget-container\">\n\t\t\t<div class=\"pxl-heading-wrap d-flex layout1\">\n    <div class=\"pxl-heading-inner center\">\n        \n        <h2 class=\"heading-title\">\n            <span >\n                Tarifas            <\/span>\n                    <\/h2>\n\n            <\/div>\n<\/div>\n\n\t\t<\/div>\n\t\t\t\t<\/div>\n\t\t\t\t<div class=\"elementor-element elementor-element-de40d24 elementor-widget elementor-widget-pxl_text_editor\" data-id=\"de40d24\" data-element_type=\"widget\" data-widget_type=\"pxl_text_editor.default\">\n\t\t\t\t<div class=\"elementor-widget-container\">\n\t\t\t<div id=\"pxl_text_editor-de40d24-6255\" class=\"pxl-text-editor-wrap d-flex\" >\n\t<div class=\"pxl-text-editor elementor-clearfix\">\n        <p style=\"text-align: justify;\">Cada uno de mis encargos est\u00e1 sujeto a un acuerdo de honorarios por escrito con el cliente, en el que se especifica el m\u00e9todo de determinaci\u00f3n de los honorarios que cubre el trabajo previsible y los diversos costes y desembolsos previstos. <br \/>Los honorarios se calculan sobre la base de una tarifa horaria o una tarifa fija, en funci\u00f3n de la naturaleza y la complejidad del encargo.<\/p><p style=\"text-align: justify;\">Este enfoque flexible de los honorarios me permite adaptarme a las necesidades de cada cliente y de cada caso.<\/p><p style=\"text-align: justify;\">De conformidad con mis obligaciones deontol\u00f3gicas, le informo de que, en caso de litigio, puede recurrir a la Defensora del Consumidor de la profesi\u00f3n: Sra. Carole Pascarel:<\/p><p style=\"text-align: justify;\">&#8211; Por correo postal a la siguiente direcci\u00f3n: M\u00e9diateur de la consommation de la profession d&#8217;avocats, 22 rue de Londres, 75009 PARIS,<br \/>&#8211; Por correo electr\u00f3nico a: mediateur-conso@mediateur-consommation-avocat.fr,<br \/>&#8211; Directamente en el sitio web: mediateur-consommation-avocat.fr rellenando el formulario de remisi\u00f3n.<\/p>\t<\/div>\n<\/div>\t\t<\/div>\n\t\t\t\t<\/div>\n\t\t                    <\/div>\r\n        <\/div>\r\n        \t\t\t<\/div>\n\t\t<\/section>\n\t\t        <section class=\"elementor-section elementor-top-section elementor-element elementor-element-4879656 elementor-section-boxed elementor-section-height-default elementor-section-height-default pxl-shape-divider-none\" data-id=\"4879656\" data-element_type=\"section\" data-settings=\"{&quot;background_background&quot;:&quot;classic&quot;}\">\n\n                            <div class=\"elementor-background-overlay\"><\/div>\n            \n                <div class=\"elementor-container elementor-column-gap-default \">\n                <div class=\"elementor-column elementor-col-100 elementor-top-column elementor-element elementor-element-0b0f592 pxl-column-element-default\" data-id=\"0b0f592\" data-element_type=\"column\">\r\n        <div class=\"elementor-widget-wrap elementor-element-populated\">\r\n                    \t\t<div class=\"elementor-element elementor-element-21be787 elementor-widget-divider--view-line elementor-widget elementor-widget-divider\" data-id=\"21be787\" data-element_type=\"widget\" data-widget_type=\"divider.default\">\n\t\t\t\t<div class=\"elementor-widget-container\">\n\t\t\t\t\t<div class=\"elementor-divider\">\n\t\t\t<span class=\"elementor-divider-separator\">\n\t\t\t\t\t\t<\/span>\n\t\t<\/div>\n\t\t\t\t<\/div>\n\t\t\t\t<\/div>\n\t\t                    <\/div>\r\n        <\/div>\r\n        \t\t\t<\/div>\n\t\t<\/section>\n\t\t        <section class=\"elementor-section elementor-top-section elementor-element elementor-element-5ef4087 elementor-section-boxed elementor-section-height-default elementor-section-height-default pxl-shape-divider-none\" data-id=\"5ef4087\" data-element_type=\"section\" data-settings=\"{&quot;background_background&quot;:&quot;classic&quot;}\">\n\n                            <div class=\"elementor-background-overlay\"><\/div>\n            \n                <div class=\"elementor-container elementor-column-gap-default \">\n                <div class=\"elementor-column elementor-col-100 elementor-top-column elementor-element elementor-element-99bb741 pxl-column-element-default\" data-id=\"99bb741\" data-element_type=\"column\">\r\n        <div class=\"elementor-widget-wrap elementor-element-populated\">\r\n                    \t\t<div class=\"elementor-element elementor-element-ff09779 elementor-widget elementor-widget-spacer\" data-id=\"ff09779\" data-element_type=\"widget\" data-widget_type=\"spacer.default\">\n\t\t\t\t<div class=\"elementor-widget-container\">\n\t\t\t\t\t<div class=\"elementor-spacer\">\n\t\t\t<div class=\"elementor-spacer-inner\"><\/div>\n\t\t<\/div>\n\t\t\t\t<\/div>\n\t\t\t\t<\/div>\n\t\t\t\t<div class=\"elementor-element elementor-element-31d2d05 elementor-widget elementor-widget-image\" data-id=\"31d2d05\" data-element_type=\"widget\" data-widget_type=\"image.default\">\n\t\t\t\t<div class=\"elementor-widget-container\">\n\t\t\t\t\t\t\t\t\t\t\t\t\t\t<a href=\"https:\/\/humeau-avocat.com\/es\/\">\n\t\t\t\t\t\t\t<img decoding=\"async\" src=\"https:\/\/humeau-avocat.com\/wp-content\/uploads\/elementor\/thumbs\/PacoHumeauAvocat-logo_icon-qlwkdxjrxs5g9pa0mus5pumgicba20aelfvhy5z8wa.png\" title=\"PacoHumeauAvocat-logo_icon\" alt=\"PacoHumeauAvocat-logo_icon\" loading=\"lazy\" \/>\t\t\t\t\t\t\t\t<\/a>\n\t\t\t\t\t\t\t\t\t\t\t\t\t<\/div>\n\t\t\t\t<\/div>\n\t\t\t\t<div class=\"elementor-element elementor-element-d2dc738 pxl-heading-layout-1 elementor-widget elementor-widget-pxl_heading\" data-id=\"d2dc738\" data-element_type=\"widget\" data-widget_type=\"pxl_heading.default\">\n\t\t\t\t<div class=\"elementor-widget-container\">\n\t\t\t<div class=\"pxl-heading-wrap d-flex layout1\">\n    <div class=\"pxl-heading-inner center\">\n                    <div class=\"heading-subtitle\">\n                <span>Besoin d'assistance ou rendez-vous ?<\/span>\n            <\/div>\n        \n        <h2 class=\"heading-title\">\n            <span >\n                Me Contacter            <\/span>\n                    <\/h2>\n\n            <\/div>\n<\/div>\n\n\t\t<\/div>\n\t\t\t\t<\/div>\n\t\t\t\t<div class=\"elementor-element elementor-element-8dde07e elementor-widget elementor-widget-pxl_text_editor\" data-id=\"8dde07e\" data-element_type=\"widget\" data-widget_type=\"pxl_text_editor.default\">\n\t\t\t\t<div class=\"elementor-widget-container\">\n\t\t\t<div id=\"pxl_text_editor-8dde07e-1518\" class=\"pxl-text-editor-wrap d-flex\" >\n\t<div class=\"pxl-text-editor elementor-clearfix\">\n        <p>Vous pouvez \u00e9galement me joindre par t\u00e9l\u00e9phone au <a href=\"tel:+33 6 99 81 85 10\">+33 6 99 81 85 10<\/a><\/p>\t<\/div>\n<\/div>\t\t<\/div>\n\t\t\t\t<\/div>\n\t\t\t\t<div class=\"elementor-element elementor-element-846860c elementor-widget elementor-widget-spacer\" data-id=\"846860c\" data-element_type=\"widget\" data-widget_type=\"spacer.default\">\n\t\t\t\t<div class=\"elementor-widget-container\">\n\t\t\t\t\t<div class=\"elementor-spacer\">\n\t\t\t<div class=\"elementor-spacer-inner\"><\/div>\n\t\t<\/div>\n\t\t\t\t<\/div>\n\t\t\t\t<\/div>\n\t\t                    <\/div>\r\n        <\/div>\r\n        \t\t\t<\/div>\n\t\t<\/section>\n\t\t        <section class=\"elementor-section elementor-top-section elementor-element elementor-element-f808ff1 elementor-section-boxed elementor-section-height-default elementor-section-height-default pxl-shape-divider-none\" data-id=\"f808ff1\" data-element_type=\"section\" data-settings=\"{&quot;background_background&quot;:&quot;classic&quot;}\">\n\n                \n                <div class=\"elementor-container elementor-column-gap-default \">\n                <div class=\"elementor-column elementor-col-100 elementor-top-column elementor-element elementor-element-fbf1a3d pxl-column-element-default\" data-id=\"fbf1a3d\" data-element_type=\"column\">\r\n        <div class=\"elementor-widget-wrap elementor-element-populated\">\r\n                            <section class=\"elementor-section elementor-inner-section elementor-element elementor-element-1605342 elementor-reverse-tablet elementor-reverse-mobile_extra elementor-reverse-mobile elementor-section-boxed elementor-section-height-default elementor-section-height-default pxl-shape-divider-none\" data-id=\"1605342\" data-element_type=\"section\" data-settings=\"{&quot;background_background&quot;:&quot;classic&quot;}\">\n\n                \n                <div class=\"elementor-container elementor-column-gap-default \">\n                <div class=\"elementor-column elementor-col-50 elementor-inner-column elementor-element elementor-element-a6610c9 pxl-column-element-default\" data-id=\"a6610c9\" data-element_type=\"column\" data-settings=\"{&quot;background_background&quot;:&quot;classic&quot;}\">\r\n        <div class=\"elementor-widget-wrap elementor-element-populated\">\r\n                    \t\t<div class=\"elementor-element elementor-element-af326ad elementor-widget elementor-widget-pxl_text_editor\" data-id=\"af326ad\" data-element_type=\"widget\" data-widget_type=\"pxl_text_editor.default\">\n\t\t\t\t<div class=\"elementor-widget-container\">\n\t\t\t<div id=\"pxl_text_editor-af326ad-8487\" class=\"pxl-text-editor-wrap d-flex\" >\n\t<div class=\"pxl-text-editor elementor-clearfix\">\n        <p>Me trouver<\/p>\t<\/div>\n<\/div>\t\t<\/div>\n\t\t\t\t<\/div>\n\t\t\t\t<div class=\"elementor-element elementor-element-8d4b1b6 elementor-widget elementor-widget-pxl_text_editor\" data-id=\"8d4b1b6\" data-element_type=\"widget\" data-widget_type=\"pxl_text_editor.default\">\n\t\t\t\t<div class=\"elementor-widget-container\">\n\t\t\t<div id=\"pxl_text_editor-8d4b1b6-8509\" class=\"pxl-text-editor-wrap d-flex\" >\n\t<div class=\"pxl-text-editor elementor-clearfix\">\n        <p><a href=\"https:\/\/maps.app.goo.gl\/QtRA4dge9DpxgFpa6\" target=\"_blank\" rel=\"noopener\">100 Rue du Leinster,<br><a href=\"https:\/\/maps.app.goo.gl\/QtRA4dge9DpxgFpa6\" target=\"_blank\" rel=\"noopener\" style=\"background-color: rgb(26, 36, 63); color: rgb(255, 255, 255);\">44240&nbsp;<\/a>La Chapelle-Sur-Erdre<\/a><\/p>\t<\/div>\n<\/div>\t\t<\/div>\n\t\t\t\t<\/div>\n\t\t\t\t<div class=\"elementor-element elementor-element-eeba3c0 elementor-widget elementor-widget-pxl_text_editor\" data-id=\"eeba3c0\" data-element_type=\"widget\" data-widget_type=\"pxl_text_editor.default\">\n\t\t\t\t<div class=\"elementor-widget-container\">\n\t\t\t<div id=\"pxl_text_editor-eeba3c0-4875\" class=\"pxl-text-editor-wrap d-flex\" >\n\t<div class=\"pxl-text-editor elementor-clearfix\">\n        <p>PAR T\u00c9L\u00c9PHONE<\/p>\t<\/div>\n<\/div>\t\t<\/div>\n\t\t\t\t<\/div>\n\t\t\t\t<div class=\"elementor-element elementor-element-c2b62ea elementor-position-left heading-600 elementor-widget-tablet_extra__width-initial elementor-vertical-align-top elementor-invisible pxl-elementor-animate elementor-widget elementor-widget-image-box\" data-id=\"c2b62ea\" data-element_type=\"widget\" data-settings=\"{&quot;_animation&quot;:&quot;flash&quot;,&quot;_animation_delay&quot;:100}\" data-widget_type=\"image-box.default\">\n\t\t\t\t<div class=\"elementor-widget-container\">\n\t\t\t<div class=\"elementor-image-box-wrapper\"><figure class=\"elementor-image-box-img\"><a href=\"tel:+33699818510\" tabindex=\"-1\"><img decoding=\"async\" width=\"29\" height=\"29\" src=\"https:\/\/humeau-avocat.com\/wp-content\/uploads\/2022\/06\/customer-service.png\" class=\"elementor-animation-pulse attachment-full size-full wp-image-3273\" alt=\"\" \/><\/a><\/figure><div class=\"elementor-image-box-content\"><h3 class=\"elementor-image-box-title\"><a href=\"tel:+33699818510\">+33 6 99 81 85 10<\/a><\/h3><\/div><\/div>\t\t<\/div>\n\t\t\t\t<\/div>\n\t\t\t\t<div class=\"elementor-element elementor-element-2f54f4a elementor-widget-tablet_extra__width-initial elementor-widget elementor-widget-pxl_text_editor\" data-id=\"2f54f4a\" data-element_type=\"widget\" data-widget_type=\"pxl_text_editor.default\">\n\t\t\t\t<div class=\"elementor-widget-container\">\n\t\t\t<div id=\"pxl_text_editor-2f54f4a-3917\" class=\"pxl-text-editor-wrap d-flex\" >\n\t<div class=\"pxl-text-editor elementor-clearfix\">\n        <p><span class=\"color-primary\" style=\"font-weight: 600;\">Mobile: <\/span><a href=\"tel:+33 6 99 81 85 10\">pacohumeau.avocat@gmail.com<\/a><\/p>\t<\/div>\n<\/div>\t\t<\/div>\n\t\t\t\t<\/div>\n\t\t                    <\/div>\r\n        <\/div>\r\n                <div class=\"elementor-column elementor-col-50 elementor-inner-column elementor-element elementor-element-0447c99 pxl-column-element-default\" data-id=\"0447c99\" data-element_type=\"column\">\r\n        <div class=\"elementor-widget-wrap elementor-element-populated\">\r\n                    \t\t<div class=\"elementor-element elementor-element-4c791f1 pxl-heading-layout-1 elementor-widget elementor-widget-pxl_heading\" data-id=\"4c791f1\" data-element_type=\"widget\" data-widget_type=\"pxl_heading.default\">\n\t\t\t\t<div class=\"elementor-widget-container\">\n\t\t\t<div class=\"pxl-heading-wrap d-flex layout1\">\n    <div class=\"pxl-heading-inner \">\n        \n        <h2 class=\"heading-title\">\n            <span >\n                Nous contacter            <\/span>\n                    <\/h2>\n\n            <\/div>\n<\/div>\n\n\t\t<\/div>\n\t\t\t\t<\/div>\n\t\t\t\t<div class=\"elementor-element elementor-element-723eea0 elementor-widget elementor-widget-pxl_text_editor\" data-id=\"723eea0\" data-element_type=\"widget\" data-widget_type=\"pxl_text_editor.default\">\n\t\t\t\t<div class=\"elementor-widget-container\">\n\t\t\t<div id=\"pxl_text_editor-723eea0-8358\" class=\"pxl-text-editor-wrap d-flex\" >\n\t<div class=\"pxl-text-editor elementor-clearfix\">\n        <p>Remplissez le formulaire ci-dessous<\/p>\t<\/div>\n<\/div>\t\t<\/div>\n\t\t\t\t<\/div>\n\t\t\t\t<div class=\"elementor-element elementor-element-3a7d72b elementor-widget elementor-widget-pxl_contact_form\" data-id=\"3a7d72b\" data-element_type=\"widget\" data-widget_type=\"pxl_contact_form.default\">\n\t\t\t\t<div class=\"elementor-widget-container\">\n\t\t\t        <div id=\"pxl_contact_form-3a7d72b-9575\" class=\"pxl-contact-form7\">\r\n            <div class=\"pxl-contact-form-inner\">\r\n                \n<div class=\"wpcf7 no-js\" id=\"wpcf7-f3206-o1\" lang=\"en-US\" dir=\"ltr\">\n<div class=\"screen-reader-response\"><p role=\"status\" aria-live=\"polite\" aria-atomic=\"true\"><\/p> <ul><\/ul><\/div>\n<form action=\"\/es\/wp-json\/wp\/v2\/pages\/12472#wpcf7-f3206-o1\" method=\"post\" class=\"wpcf7-form init\" aria-label=\"Contact form\" novalidate=\"novalidate\" data-status=\"init\">\n<div style=\"display: none;\">\n<input type=\"hidden\" name=\"_wpcf7\" value=\"3206\" \/>\n<input type=\"hidden\" name=\"_wpcf7_version\" value=\"5.9.8\" \/>\n<input type=\"hidden\" name=\"_wpcf7_locale\" value=\"en_US\" \/>\n<input type=\"hidden\" name=\"_wpcf7_unit_tag\" value=\"wpcf7-f3206-o1\" \/>\n<input type=\"hidden\" name=\"_wpcf7_container_post\" value=\"0\" \/>\n<input type=\"hidden\" name=\"_wpcf7_posted_data_hash\" value=\"\" \/>\n<\/div>\n<div class=\"row g-20\">\n\t<div class=\"ct-input col-lg-6\">\n\t\t<p><span class=\"wpcf7-form-control-wrap\" data-name=\"ct_name\"><input size=\"40\" maxlength=\"400\" class=\"wpcf7-form-control wpcf7-text wpcf7-validates-as-required\" aria-required=\"true\" aria-invalid=\"false\" placeholder=\"Votre nom*\" value=\"\" type=\"text\" name=\"ct_name\" \/><\/span>\n\t\t<\/p>\n\t<\/div>\n\t<div class=\"ct-input col-lg-6\">\n\t\t<p><span class=\"wpcf7-form-control-wrap\" data-name=\"ct_email\"><input size=\"40\" maxlength=\"400\" class=\"wpcf7-form-control wpcf7-email wpcf7-validates-as-required wpcf7-text wpcf7-validates-as-email\" aria-required=\"true\" aria-invalid=\"false\" placeholder=\"Votre Email*\" value=\"\" type=\"email\" name=\"ct_email\" \/><\/span>\n\t\t<\/p>\n\t<\/div>\n\t<div class=\"ct-input col-lg-6\">\n\t\t<p><span class=\"wpcf7-form-control-wrap\" data-name=\"ct_phone\"><input size=\"40\" maxlength=\"400\" class=\"wpcf7-form-control wpcf7-tel wpcf7-validates-as-required wpcf7-text wpcf7-validates-as-tel\" aria-required=\"true\" aria-invalid=\"false\" placeholder=\"Votre t\u00e9l\u00e9phone*\" value=\"\" type=\"tel\" name=\"ct_phone\" \/><\/span>\n\t\t<\/p>\n\t<\/div>\n\t<div class=\"ct-input col-lg-12\">\n\t\t<p><span class=\"wpcf7-form-control-wrap\" data-name=\"ct_message\"><textarea cols=\"40\" rows=\"10\" maxlength=\"2000\" class=\"wpcf7-form-control wpcf7-textarea wpcf7-validates-as-required ctc_message\" aria-required=\"true\" aria-invalid=\"false\" placeholder=\"Message\" name=\"ct_message\"><\/textarea><\/span>\n\t\t<\/p>\n\t<\/div>\n\t<div class=\"ct-input col-lg-12\" style=\"display:flex; align-items:center; flex-wrap: wrap; margin-top:30px;\">\n\t\t<div class=\"pxl-button-wrapper\" style=\"margin-right:30px; margin-bottom:10px;\">\n\t\t\t<p><button type=\"submit\" class=\"wpcf7-form-control wpcf7-submit\"><span>Envoyer<\/span><\/button>\n\t\t\t<\/p>\n\t\t<\/div>\n\t\t<div style=\"margin: 10px 0;\">\n\t\t\t<p><span class=\"wpcf7-form-control-wrap\" data-name=\"checkbox-agree\"><span class=\"wpcf7-form-control wpcf7-checkbox wpcf7-validates-as-required\"><span class=\"wpcf7-list-item first last\"><input type=\"checkbox\" name=\"checkbox-agree[]\" value=\"En soumettant ce formulaire, j\u2019accepte que mes informations soient utilis\u00e9es exclusivement dans le cadre de ma demande de renseignements \u00e0 Paco Humeau\" \/><span class=\"wpcf7-list-item-label\">En soumettant ce formulaire, j\u2019accepte que mes informations soient utilis\u00e9es exclusivement dans le cadre de ma demande de renseignements \u00e0 Paco Humeau<\/span><\/span><\/span><\/span>\n\t\t\t<\/p>\n\t\t<\/div>\n\t<\/div>\n<\/div><div class=\"wpcf7-response-output\" aria-hidden=\"true\"><\/div>\n<\/form>\n<\/div>\n            <\/div>\r\n        <\/div>\r\n        \t\t<\/div>\n\t\t\t\t<\/div>\n\t\t                    <\/div>\r\n        <\/div>\r\n        \t\t\t<\/div>\n\t\t<\/section>\n\t\t                    <\/div>\r\n        <\/div>\r\n        \t\t\t<\/div>\n\t\t<\/section>\n\t\t\t\t<\/div>\n\t\t","protected":false},"excerpt":{"rendered":"<p>Tarifas Cada uno de mis encargos est\u00e1 sujeto a un acuerdo de honorarios por escrito con el cliente, en el que se especifica el m\u00e9todo de determinaci\u00f3n de los honorarios que cubre el trabajo previsible y los diversos costes y desembolsos previstos. Los honorarios se calculan sobre la base de una tarifa horaria o una [&hellip;]<\/p>\n","protected":false},"author":1,"featured_media":0,"parent":0,"menu_order":0,"comment_status":"closed","ping_status":"closed","template":"","meta":{"om_disable_all_campaigns":false,"_monsterinsights_skip_tracking":false,"_monsterinsights_sitenote_active":false,"_monsterinsights_sitenote_note":"","_monsterinsights_sitenote_category":0,"footnotes":""},"class_list":["post-12472","page","type-page","status-publish","hentry"],"aioseo_notices":[],"_links":{"self":[{"href":"https:\/\/humeau-avocat.com\/es\/wp-json\/wp\/v2\/pages\/12472","targetHints":{"allow":["GET"]}}],"collection":[{"href":"https:\/\/humeau-avocat.com\/es\/wp-json\/wp\/v2\/pages"}],"about":[{"href":"https:\/\/humeau-avocat.com\/es\/wp-json\/wp\/v2\/types\/page"}],"author":[{"embeddable":true,"href":"https:\/\/humeau-avocat.com\/es\/wp-json\/wp\/v2\/users\/1"}],"replies":[{"embeddable":true,"href":"https:\/\/humeau-avocat.com\/es\/wp-json\/wp\/v2\/comments?post=12472"}],"version-history":[{"count":4,"href":"https:\/\/humeau-avocat.com\/es\/wp-json\/wp\/v2\/pages\/12472\/revisions"}],"predecessor-version":[{"id":13653,"href":"https:\/\/humeau-avocat.com\/es\/wp-json\/wp\/v2\/pages\/12472\/revisions\/13653"}],"wp:attachment":[{"href":"https:\/\/humeau-avocat.com\/es\/wp-json\/wp\/v2\/media?parent=12472"}],"curies":[{"name":"wp","href":"https:\/\/api.w.org\/{rel}","templated":true}]}}