{"id":12484,"date":"2024-04-23T00:20:08","date_gmt":"2024-04-22T22:20:08","guid":{"rendered":"https:\/\/humeau-avocat.com\/politica-de-privacidad\/"},"modified":"2024-09-19T03:15:12","modified_gmt":"2024-09-19T01:15:12","slug":"politica-de-privacidad","status":"publish","type":"page","link":"https:\/\/humeau-avocat.com\/es\/politica-de-privacidad\/","title":{"rendered":"Pol\u00edtica de privacidad"},"content":{"rendered":"\t\t<div data-elementor-type=\"wp-page\" data-elementor-id=\"12484\" class=\"elementor elementor-12484 elementor-12148\">\n\t\t\t\t        <section class=\"elementor-section elementor-top-section elementor-element elementor-element-029333b elementor-section-boxed elementor-section-height-default elementor-section-height-default pxl-shape-divider-none\" data-id=\"029333b\" data-element_type=\"section\">\n\n                \n                <div class=\"elementor-container elementor-column-gap-default \">\n                <div class=\"elementor-column elementor-col-100 elementor-top-column elementor-element elementor-element-6e6be32 pxl-column-element-default\" data-id=\"6e6be32\" data-element_type=\"column\">\r\n        <div class=\"elementor-widget-wrap elementor-element-populated\">\r\n                    \t\t<div class=\"elementor-element elementor-element-96eeb01 elementor-widget elementor-widget-pxl_text_editor\" data-id=\"96eeb01\" data-element_type=\"widget\" data-widget_type=\"pxl_text_editor.default\">\n\t\t\t\t<div class=\"elementor-widget-container\">\n\t\t\t<div id=\"pxl_text_editor-96eeb01-8852\" class=\"pxl-text-editor-wrap d-flex\" >\n\t<div class=\"pxl-text-editor elementor-clearfix\">\n        <section data-base=\"bt_bb_section\" data-bt-bb-fe-atts=\"{&quot;layout&quot;:&quot;boxed_1200&quot;,&quot;lazy_load&quot;:&quot;yes&quot;,&quot;bb_version&quot;:&quot;4.7.9&quot;,&quot;show_boxed_content&quot;:&quot;no&quot;,&quot;top_spacing&quot;:&quot;normal,;,,;,,;,,;,,;,&quot;,&quot;bottom_spacing&quot;:&quot;none,;,,;,,;,,;,,;,&quot;,&quot;full_screen&quot;:&quot;&quot;,&quot;vertical_align&quot;:&quot;top&quot;,&quot;color_scheme&quot;:&quot;&quot;,&quot;background_color&quot;:&quot;&quot;,&quot;background_image&quot;:&quot;&quot;,&quot;parallax&quot;:&quot;&quot;,&quot;parallax_offset&quot;:&quot;&quot;,&quot;parallax_zoom_start&quot;:&quot;&quot;,&quot;parallax_zoom_end&quot;:&quot;&quot;,&quot;parallax_blur_start&quot;:&quot;&quot;,&quot;parallax_blur_end&quot;:&quot;&quot;,&quot;parallax_opacity_start&quot;:&quot;&quot;,&quot;parallax_opacity_end&quot;:&quot;&quot;,&quot;top_section_coverage_image&quot;:&quot;&quot;,&quot;bottom_section_coverage_image&quot;:&quot;&quot;,&quot;background_video_yt&quot;:&quot;&quot;,&quot;yt_video_settings&quot;:&quot;&quot;,&quot;background_video_mp4&quot;:&quot;&quot;,&quot;background_video_ogg&quot;:&quot;&quot;,&quot;background_video_webm&quot;:&quot;&quot;,&quot;responsive&quot;:&quot;&quot;,&quot;publish_datetime&quot;:&quot;&quot;,&quot;expiry_datetime&quot;:&quot;&quot;,&quot;animation&quot;:&quot;no_animation&quot;,&quot;el_id&quot;:&quot;&quot;,&quot;el_class&quot;:&quot;&quot;,&quot;el_style&quot;:&quot;&quot;,&quot;background_overlay&quot;:&quot;&quot;,&quot;background_position&quot;:&quot;&quot;,&quot;background_size&quot;:&quot;&quot;,&quot;allow_content_outside&quot;:&quot;no&quot;}\" data-fe-id=\"3\" data-bb-version=\"4.7.9\" data-bt-override-class=\"{&quot;bt_bb_top_spacing_&quot;:{&quot;current_class&quot;:&quot;bt_bb_top_spacing_normal&quot;,&quot;xxl&quot;:&quot;normal&quot;},&quot;bt_bb_bottom_spacing_&quot;:{&quot;current_class&quot;:&quot;bt_bb_bottom_spacing_none&quot;,&quot;xxl&quot;:&quot;none&quot;}}\"><div data-base=\"bt_bb_row\" data-bt-bb-fe-atts=\"{}\" data-fe-id=\"2\"><div data-bt-override-class=\"{}\" data-structure=\"12\"><div data-base=\"bt_bb_column\" data-bt-bb-fe-atts=\"{&quot;order&quot;:&quot;0&quot;,&quot;lazy_load&quot;:&quot;yes&quot;,&quot;highlight&quot;:&quot;no&quot;,&quot;align_to_edge_column&quot;:&quot;no&quot;,&quot;bb_version&quot;:&quot;4.7.6&quot;,&quot;width&quot;:&quot;1\\\/1&quot;,&quot;width_xl&quot;:&quot;1\\\/1&quot;,&quot;width_lg&quot;:&quot;1\\\/1&quot;,&quot;width_md&quot;:&quot;1\\\/1&quot;,&quot;width_sm&quot;:&quot;1\\\/1&quot;,&quot;width_xs&quot;:&quot;1\\\/1&quot;}\" data-fe-id=\"1\" data-bb-version=\"4.7.6\" data-width=\"12\" data-bt-override-class=\"{}\"><div style=\"outline: 0px; box-sizing: border-box; padding: 0px; margin: 0px; background-repeat: no-repeat;\" data-base=\"bt_bb_text\" data-bt-bb-fe-atts=\"{&quot;bb_version&quot;:&quot;4.7.6&quot;,&quot;ai_prompt_helper&quot;:&quot;eyJrZXl3b3JkcyI6IiIsInRvbmUiOiIiLCJsYW5ndWFnZSI6IiIsImxlbmd0aCI6IiJ9&quot;}\" data-fe-id=\"0\" data-bb-version=\"4.7.6\" data-content=\"&lt;\/p&gt;\n&lt;h3 class=&quot;wp-block-heading&quot; style=&quot;text-align: justify;&quot;&gt;Politique de confidentialit\u00e9 de L\u2019Agence BOOST&lt;\/h3&gt;\n&lt;p style=&quot;text-align: justify;&quot;&gt;La pr\u00e9sente Politique de confidentialit\u00e9 d\u00e9crit la fa\u00e7on dont vos informations personnelles sont recueillies, utilis\u00e9es et partag\u00e9es lorsque vous vous rendez sur https:\/\/agenceboost.fr\/ (le \u00ab\u00a0Site\u00a0\u00bb) ou que vous y effectuez un achat.&lt;\/p&gt;\n&lt;h3 style=&quot;text-align: justify;&quot;&gt;1. Informations personnelle recueillies&lt;\/h3&gt;\n&lt;p style=&quot;text-align: justify;&quot;&gt;Lorsque vous vous rendez sur le Site, nous recueillons automatiquement certaines informations concernant votre appareil, notamment des informations sur votre navigateur web, votre adresse IP, votre fuseau horaire et certains des cookies qui sont install\u00e9s sur votre appareil. En outre, lorsque vous parcourez le Site, nous recueillons des informations sur les pages web ou produits individuels que vous consultez, les sites web ou les termes de recherche qui vous ont permis d\u2019arriver sur le Site, ainsi que des informations sur la mani\u00e8re dont vous interagissez avec le Site. Nous d\u00e9signons ces informations collect\u00e9es automatiquement sous l\u2019appellation \u00ab\u00a0Informations sur l\u2019appareil\u00a0\u00bb.&lt;\/p&gt;\n&lt;p style=&quot;text-align: justify;&quot;&gt;Nous recueillons les Informations sur l\u2019appareil \u00e0 l\u2019aide des technologies suivantes\u00a0:&lt;\/p&gt;\n&lt;h4 style=&quot;text-align: justify;&quot;&gt;2. Fichiers t\u00e9moins (cookies)&lt;\/h4&gt;\n&lt;p style=&quot;text-align: justify;&quot;&gt;Voici une liste de fichiers t\u00e9moins que nous utilisons. Nous les avons \u00e9num\u00e9r\u00e9s ici pour que vous ayez la possibilit\u00e9 de choisir si vous souhaitez les autoriser ou non.&lt;\/p&gt;\n&lt;p style=&quot;text-align: justify;&quot;&gt;_session_id, identificateur unique de session, permet de stocker les informations relatives \u00e0 votre session (r\u00e9f\u00e9rent, page de renvoi, etc.).&lt;\/p&gt;\n&lt;p style=&quot;text-align: justify;&quot;&gt;_visit, aucune donn\u00e9e retenue, persiste pendant 30 minutes depuis la derni\u00e8re visite. Utilis\u00e9 par le syst\u00e8me interne de suivi des statistiques du fournisseur de notre site web pour enregistrer le nombre de visites.&lt;\/p&gt;\n&lt;p style=&quot;text-align: justify;&quot;&gt;_uniq, aucune donn\u00e9e retenue, expire \u00e0 minuit (selon l\u2019emplacement du visiteur) le jour suivant. Calcule le nombre de visites d\u2019un site par client unique.&lt;\/p&gt;\n&lt;p style=&quot;text-align: justify;&quot;&gt;cart, identificateur unique, persiste pendant 2 semaines, stocke l\u2019information relative \u00e0 votre panier d\u2019achat.&lt;\/p&gt;\n&lt;p style=&quot;text-align: justify;&quot;&gt;_secure_session_id, identificateur unique de session&lt;\/p&gt;\n&lt;p style=&quot;text-align: justify;&quot;&gt;storefront_digest, identificateur unique, ind\u00e9fini si la boutique poss\u00e8de un mot de passe, il est utilis\u00e9 pour savoir si le visiteur actuel a acc\u00e8s.&lt;br \/&gt;\u2013 Les \u00ab\u00a0fichiers journaux\u00a0\u00bb suivent l\u2019activit\u00e9 du Site et recueillent des donn\u00e9es telles que votre adresse IP, le type de navigateur que vous utilisez, votre fournisseur d\u2019acc\u00e8s Internet, vos pages r\u00e9f\u00e9rentes et de sortie, et vos donn\u00e9es d\u2019horodatage (date et heure).&lt;br \/&gt;\u2013 Les \u00ab\u00a0pixels invisibles\u00a0\u00bb, les \u00ab\u00a0balises\u00a0\u00bb et les \u00ab\u00a0pixels\u00a0\u00bb sont des fichiers \u00e9lectroniques qui enregistrent des informations sur la fa\u00e7on dont vous parcourez le Site.&lt;\/p&gt;\n&lt;p style=&quot;text-align: justify;&quot;&gt;Par ailleurs, lorsque vous effectuez ou tentez d\u2019effectuer un achat par le biais du Site, nous recueillons certaines informations vous concernant, notamment votre nom, votre adresse de facturation, votre adresse d\u2019exp\u00e9dition, vos informations de paiement (y compris vos num\u00e9ros de cartes de cr\u00e9dit, votre adresse e-mail et votre num\u00e9ro de t\u00e9l\u00e9phone. Ces informations collect\u00e9es automatiquement sont d\u00e9sign\u00e9es par l\u2019appellation \u00ab Informations sur la commande \u00bb.&lt;\/p&gt;\n&lt;p style=&quot;text-align: justify;&quot;&gt;Lorsque nous utilisons l\u2019expression \u00ab\u00a0Informations personnelles\u00a0\u00bb dans la pr\u00e9sente Politique de confidentialit\u00e9, nous faisons allusion \u00e0 la fois aux Informations sur l\u2019appareil et aux Informations sur la commande.&lt;\/p&gt;\n&lt;h3 style=&quot;text-align: justify;&quot;&gt;3. Comment utilisons-nous vos informations personnelles ?&lt;\/h3&gt;\n&lt;p style=&quot;text-align: justify;&quot;&gt;En r\u00e8gle g\u00e9n\u00e9rale, nous utilisons les Informations sur la commande que nous recueillons pour traiter toute commande pass\u00e9e par le biais du Site (y compris pour traiter vos informations de paiement, organiser l\u2019exp\u00e9dition de votre commande et vous fournir des factures et\/ou des confirmations de commande). En outre, nous utilisons ces Informations sur la commande pour\u00a0:&lt;br \/&gt;communiquer avec vous ; \u00e9valuer les fraudes ou risques potentiels ; et lorsque cela correspond aux pr\u00e9f\u00e9rences que vous nous avez communiqu\u00e9es, vous fournir des informations ou des publicit\u00e9s concernant nos produits ou services.&lt;\/p&gt;\n&lt;p style=&quot;text-align: justify;&quot;&gt;Nous utilisons les Informations sur l\u2019appareil (en particulier votre adresse IP) que nous recueillons pour \u00e9valuer les fraudes ou risques potentiels et, de mani\u00e8re plus g\u00e9n\u00e9rale, pour am\u00e9liorer et optimiser notre Site (par exemple, en g\u00e9n\u00e9rant des analyses sur la fa\u00e7on dont nos clients parcourent et interagissent avec le Site, et pour \u00e9valuer la r\u00e9ussite de nos campagnes de publicit\u00e9 et de marketing).&lt;\/p&gt;\n&lt;h3 style=&quot;text-align: justify;&quot;&gt;4. Partage de vos informations personnelles&lt;\/h3&gt;\n&lt;p style=&quot;text-align: justify;&quot;&gt;Nous partageons vos Informations personnelles avec des tiers qui nous aident \u00e0 les utiliser aux fins d\u00e9crites pr\u00e9c\u00e9demment.\u00a0 Nous utilisons Google Analytics pour mieux comprendre comment nos clients utilisent le Site \u2013 pour en savoir plus sur l\u2019utilisation de vos Informations personnelles par Google, veuillez consulter la page suivante : https:\/\/www.google.com\/intl\/fr\/policies\/privacy\/. Vous pouvez aussi d\u00e9sactiver Google Analytics ici : https:\/\/tools.google.com\/dlpage\/gaoptout.&lt;\/p&gt;\n&lt;p style=&quot;text-align: justify;&quot;&gt;Enfin, il se peut que nous partagions aussi vos Informations personnelles pour respecter les lois et r\u00e8glementations applicables, r\u00e9pondre \u00e0 une assignation, \u00e0 un mandat de perquisition ou \u00e0 toute autre demande l\u00e9gale de renseignements que nous recevons, ou pour prot\u00e9ger nos droits.&lt;\/p&gt;\n&lt;p style=&quot;text-align: justify;&quot;&gt;Comme indiqu\u00e9 ci-dessus, nous utilisons vos Informations personnelles pour vous proposer des publicit\u00e9s cibl\u00e9es ou des messages de marketing qui, selon nous, pourraient vous int\u00e9resser. Pour en savoir plus sur le fonctionnement de la publicit\u00e9 cibl\u00e9e, vous pouvez consulter la page d\u2019information de la Network Advertising Initiative (NAI) \u00e0 l\u2019adresse suivante\u00a0: http:\/\/www.networkadvertising.org\/understanding-online-advertising\/how-does-it-work.&lt;\/p&gt;\n&lt;p style=&quot;text-align: justify;&quot;&gt;Vous pouvez refuser la publicit\u00e9 cibl\u00e9e ici :&lt;br \/&gt;FACEBOOK \u2013 https:\/\/www.facebook.com\/settings\/?tab=ads&lt;br \/&gt;GOOGLE \u2013 https:\/\/www.google.com\/settings\/ads\/anonymous&lt;br \/&gt;BING \u2013 https:\/\/about.ads.microsoft.com\/fr-fr\/ressources\/politiques\/annonces-personnalisees&lt;br \/&gt;En outre, vous pouvez refuser certains de ces services en vous rendant sur le portail de d\u00e9sactivation de Digital Advertising Alliance \u00e0 l\u2019adresse suivante\u00a0: https:\/\/optout.aboutads.info\/?c=3&amp;lang=fr.&lt;\/p&gt;\n&lt;h4 style=&quot;text-align: justify;&quot;&gt;5. Ne pas suivre&lt;\/h4&gt;\n&lt;p style=&quot;text-align: justify;&quot;&gt;Veuillez noter que nous ne modifions pas la collecte de donn\u00e9es de notre Site et nos pratiques d\u2019utilisation lorsque nous d\u00e9tectons un signal \u00ab\u00a0Ne pas suivre\u00a0\u00bb sur votre navigateur.&lt;\/p&gt;\n&lt;h4 style=&quot;text-align: justify;&quot;&gt;6. Vos droits&lt;\/h4&gt;\n&lt;p style=&quot;text-align: justify;&quot;&gt;Si vous \u00eates r\u00e9sident(e) europ\u00e9en(ne), vous disposez d\u2019un droit d\u2019acc\u00e8s aux informations personnelles que nous d\u00e9tenons \u00e0 votre sujet et vous pouvez demander \u00e0 ce qu\u2019elles soient corrig\u00e9es, mises \u00e0 jour ou supprim\u00e9es. Si vous souhaitez exercer ce droit, veuillez nous contacter au moyen des coordonn\u00e9es pr\u00e9cis\u00e9es ci-dessous.&lt;br \/&gt;Par ailleurs, si vous \u00eates r\u00e9sident(e) europ\u00e9en(ne), notez que nous traitons vos informations dans le but de remplir nos obligations contractuelles \u00e0 votre \u00e9gard (par exemple si vous passez une commande sur le Site) ou de poursuivre nos int\u00e9r\u00eats commerciaux l\u00e9gitimes, \u00e9num\u00e9r\u00e9s ci-dessus. Veuillez \u00e9galement noter que vos informations seront transf\u00e9r\u00e9es hors de l\u2019Europe, y compris au Canada et aux \u00c9tats-Unis.&lt;\/p&gt;\n&lt;h4 style=&quot;text-align: justify;&quot;&gt;7. R\u00e9tention des donn\u00e9es&lt;\/h4&gt;\n&lt;p style=&quot;text-align: justify;&quot;&gt;Lorsque vous passez une commande par l\u2019interm\u00e9diaire du Site, nous conservons les Informations sur votre commande dans nos dossiers, sauf si et jusqu\u2019\u00e0 ce que vous nous demandiez de les supprimer.&lt;\/p&gt;\n&lt;h4 style=&quot;text-align: justify;&quot;&gt;8. Changements&lt;\/h4&gt;\n&lt;p style=&quot;text-align: justify;&quot;&gt;Nous pouvons \u00eatre amen\u00e9s \u00e0 modifier la pr\u00e9sente politique de confidentialit\u00e9 de temps \u00e0 autre afin d\u2019y refl\u00e9ter, par exemple, les changements apport\u00e9s \u00e0 nos pratiques ou pour d\u2019autres motifs op\u00e9rationnels, juridiques ou r\u00e9glementaires.&lt;\/p&gt;\n&lt;p style=&quot;text-align: justify;&quot;&gt;Pour en savoir plus sur nos pratiques de confidentialit\u00e9, si vous avez des questions ou si vous souhaitez d\u00e9poser une r\u00e9clamation, veuillez nous contacter par e-mail \u00e0 contact(at)agenceboost.fr.&lt;\/p&gt;\n&lt;p style=&quot;text-align: justify;&quot;&gt;\n&lt;p&gt; \"><h3>Pol\u00edtica de privacidad<\/h3><p>Esta pol\u00edtica de privacidad describe c\u00f3mo se recogen, utilizan y comparten sus datos personales cuando visita https:\/\/humeau-avocat.com\/.<br \/><br \/><br \/><\/p><p><b><strong>Tratamiento de datos personales:<\/strong><\/b><\/p><p>El sitio no solicita el registro nominativo de los visitantes y no registra ning\u00fan dato nominativo cuando se consultan las p\u00e1ginas. <\/p><p>En el formulario de contacto se le puede pedir que deje datos personales. No se recoge ning\u00fan dato sensible (opiniones raciales o \u00e9tnicas, pol\u00edticas o religiosas, o datos sobre la salud).<\/p><p>Paco HUMEAU recoge informaci\u00f3n personal sobre el usuario \u00fanicamente para las necesidades de determinados servicios. El usuario proporciona esta informaci\u00f3n con pleno conocimiento de causa. <\/p><p>La informaci\u00f3n personal del usuario no se publica, intercambia, transfiere ni vende.<\/p><p><b><strong>Datos personales<\/strong><\/b>:<\/p><p>La informaci\u00f3n personal utilizada para procesar la solicitud en el formulario de contacto en l\u00ednea es estrictamente confidencial y no se transmitir\u00e1 a proveedores de servicios externos.<\/p><p>De acuerdo con la normativa europea vigente, como visitante de nuestro sitio tiene los siguientes derechos:<\/p><p>-el derecho del interesado a acceder (art\u00edculo 15 del RGPD), rectificar (art\u00edculo 16 del RGPD) y suprimir sus datos personales (art\u00edculo 17 del RGPD), cuando dichos datos sean inexactos, incompletos, equ\u00edvocos, obsoletos o cuya recogida, utilizaci\u00f3n, comunicaci\u00f3n o conservaci\u00f3n est\u00e9 prohibida.<\/p><p>-el derecho a retirar su consentimiento en cualquier momento (art\u00edculo 13-2c RGPD)<\/p><p>-el derecho a limitar el tratamiento de sus datos (art\u00edculo 18 del RGPD)<\/p><p>-el derecho a oponerse al tratamiento de sus datos (art\u00edculo 21 del RGPD)<\/p><p>-el derecho a la portabilidad de los datos que nos haya facilitado, cuando dichos datos sean objeto de un tratamiento automatizado basado en su consentimiento o en un contrato (art\u00edculo 20 del RGPD).<\/p><p>Si desea saber c\u00f3mo utilizamos sus datos personales, rectificarlos u oponerse a su tratamiento, puede ponerse en contacto con nosotros por escrito en<a href=\"mailto:pacohumeau.avocat@gmail.com\">:pacohumeau.avocat@gmail.com.<\/a><\/p><p>En este caso, deber\u00e1 indicar los datos personales que desea rectificar, actualizar o suprimir, identific\u00e1ndose de forma precisa con una copia de un documento de identidad v\u00e1lido (DNI o pasaporte).<\/p><p>Las solicitudes de supresi\u00f3n de datos personales estar\u00e1n sujetas a las obligaciones impuestas por la ley, en particular en materia de conservaci\u00f3n o archivo de documentos.<\/p><p>Por \u00faltimo, puede presentar una reclamaci\u00f3n ante las autoridades de control, en particular la CNIL<a href=\"https:\/\/www.cnil.fr\/fr\/plaintes\">(https:\/\/www.cnil.fr\/fr\/plaintes).<\/a><br \/><br \/><\/p><\/div><\/div><\/div><\/div><\/section>\t<\/div>\n<\/div>\t\t<\/div>\n\t\t\t\t<\/div>\n\t\t                    <\/div>\r\n        <\/div>\r\n        \t\t\t<\/div>\n\t\t<\/section>\n\t\t\t\t<\/div>\n\t\t","protected":false},"excerpt":{"rendered":"<p>Pol\u00edtica de privacidad Esta pol\u00edtica de privacidad describe c\u00f3mo se recogen, utilizan y comparten sus datos personales cuando visita https:\/\/humeau-avocat.com\/. Tratamiento de datos personales: El sitio no solicita el registro nominativo de los visitantes y no registra ning\u00fan dato nominativo cuando se consultan las p\u00e1ginas. En el formulario de contacto se le puede pedir que [&hellip;]<\/p>\n","protected":false},"author":1,"featured_media":0,"parent":0,"menu_order":0,"comment_status":"closed","ping_status":"closed","template":"","meta":{"om_disable_all_campaigns":false,"_monsterinsights_skip_tracking":false,"_monsterinsights_sitenote_active":false,"_monsterinsights_sitenote_note":"","_monsterinsights_sitenote_category":0,"footnotes":""},"class_list":["post-12484","page","type-page","status-publish","hentry"],"aioseo_notices":[],"_links":{"self":[{"href":"https:\/\/humeau-avocat.com\/es\/wp-json\/wp\/v2\/pages\/12484","targetHints":{"allow":["GET"]}}],"collection":[{"href":"https:\/\/humeau-avocat.com\/es\/wp-json\/wp\/v2\/pages"}],"about":[{"href":"https:\/\/humeau-avocat.com\/es\/wp-json\/wp\/v2\/types\/page"}],"author":[{"embeddable":true,"href":"https:\/\/humeau-avocat.com\/es\/wp-json\/wp\/v2\/users\/1"}],"replies":[{"embeddable":true,"href":"https:\/\/humeau-avocat.com\/es\/wp-json\/wp\/v2\/comments?post=12484"}],"version-history":[{"count":4,"href":"https:\/\/humeau-avocat.com\/es\/wp-json\/wp\/v2\/pages\/12484\/revisions"}],"predecessor-version":[{"id":13647,"href":"https:\/\/humeau-avocat.com\/es\/wp-json\/wp\/v2\/pages\/12484\/revisions\/13647"}],"wp:attachment":[{"href":"https:\/\/humeau-avocat.com\/es\/wp-json\/wp\/v2\/media?parent=12484"}],"curies":[{"name":"wp","href":"https:\/\/api.w.org\/{rel}","templated":true}]}}